{"id":15268,"date":"2015-09-24T16:44:13","date_gmt":"2015-09-24T16:44:13","guid":{"rendered":"http:\/\/margeza.be-pixel.com\/?page_id=15268"},"modified":"2017-04-15T16:08:20","modified_gmt":"2017-04-15T12:08:20","slug":"press-media","status":"publish","type":"page","link":"https:\/\/www.margeza.com\/hu\/press-media\/","title":{"rendered":"Press &#038; Media"},"content":{"rendered":"<p>[vc_row css_animation=&#8221;&#8221; row_type=&#8221;row&#8221; use_row_as_full_screen_section=&#8221;no&#8221; type=&#8221;full_width&#8221; angled_section=&#8221;no&#8221; text_align=&#8221;left&#8221; background_image_as_pattern=&#8221;without_pattern&#8221;][vc_column]<div class='q_message ' style='background-color: #1e73be;'><div class='q_message_inner'><a href='#' class='close'><i class='fa fa-times' style=''><\/i><\/a><div class='message_text_holder'><div class='message_text'><div class='message_text_inner'><\/p>\n<p class=\"p1\" style=\"text-align: justify;\"><span class=\"s1\" style=\"color: #ffffff;\">A lak\u00e1sunk k\u00e9pei megjelentek blogok \u00e9s weboldalak sz\u00e1zain, valamint tucatnyi magazinban, a vil\u00e1g minden t\u00e1j\u00e1n. Al\u00e1bb tal\u00e1lhat\u00f3 egy kis \u00edzel\u00edt\u0151 ezek k\u00f6z\u00fcl.<\/span><\/p>\n<p><\/div><\/div><\/div><\/div><\/div>[vc_empty_space][\/vc_column][\/vc_row][vc_row css_animation=&#8221;&#8221; row_type=&#8221;row&#8221; use_row_as_full_screen_section=&#8221;no&#8221; type=&#8221;full_width&#8221; angled_section=&#8221;no&#8221; text_align=&#8221;left&#8221; background_image_as_pattern=&#8221;without_pattern&#8221; css=&#8221;.vc_custom_1443202684224{padding-top: 40px !important;}&#8221;][vc_column][vc_empty_space][vc_column_text]<\/p>\n<div id=\"jig1\" class=\"justified-image-grid jig-c1862df18a5a625abe2dfa961d7fc9cc jig-preset-global\"><div class=\"jig-clearfix\"><\/div><noscript id=\"jig1-html\" class=\"justified-image-grid-html\" data-lazy-src=\"skiplazyload\" data-src=\"skipunveillazyload\"><ul><li><a href=\"https:\/\/www.margeza.com\/wp-content\/uploads\/Marie-Claire-2017-Margeza.jpg\" title=\"Marie Claire magazine (2017)\"><img loading=\"lazy\" decoding=\"async\" src=\"https:\/\/www.margeza.com\/wp-content\/plugins\/justified-image-grid\/timthumb.php?src=https%3A%2F%2Fwww.margeza.com%2Fwp-content%2Fuploads%2FMarie-Claire-2017-Margeza.jpg&amp;h=4000&amp;q=90&amp;f=.jpg\" alt=\"Marie Claire magazine (2017)\" width=\"6258\" height=\"4000\" \/><\/a><p class=\"jig-HTMLdescription\">Marie Claire magazine (2017)<\/p><\/li><li><a href=\"https:\/\/www.margeza.com\/wp-content\/uploads\/Margeza-Marie-Claire-2017.jpg\" title=\"Marie Claire magazine (2017)\"><img loading=\"lazy\" decoding=\"async\" src=\"https:\/\/www.margeza.com\/wp-content\/plugins\/justified-image-grid\/timthumb.php?src=https%3A%2F%2Fwww.margeza.com%2Fwp-content%2Fuploads%2FMargeza-Marie-Claire-2017.jpg&amp;h=4000&amp;q=90&amp;f=.jpg\" alt=\"Marie Claire magazine (2017)\" width=\"6162\" height=\"4000\" \/><\/a><p class=\"jig-HTMLdescription\">Marie Claire magazine (2017)<\/p><\/li><li><a href=\"https:\/\/www.margeza.com\/wp-content\/uploads\/Margeza-Marie-Claire-2017-page-3.jpg\" title=\"Marie Claire magazine (2017)\"><img loading=\"lazy\" decoding=\"async\" src=\"https:\/\/www.margeza.com\/wp-content\/plugins\/justified-image-grid\/timthumb.php?src=https%3A%2F%2Fwww.margeza.com%2Fwp-content%2Fuploads%2FMargeza-Marie-Claire-2017-page-3.jpg&amp;h=4000&amp;q=90&amp;f=.jpg\" alt=\"Marie Claire magazine (2017)\" width=\"3071\" height=\"4000\" \/><\/a><p class=\"jig-HTMLdescription\">Marie Claire magazine (2017)<\/p><\/li><li><a href=\"https:\/\/www.margeza.com\/wp-content\/uploads\/A-Mi-Otthonunk-Neme-cover.jpg\"><img loading=\"lazy\" decoding=\"async\" src=\"https:\/\/www.margeza.com\/wp-content\/plugins\/justified-image-grid\/timthumb.php?src=https%3A%2F%2Fwww.margeza.com%2Fwp-content%2Fuploads%2FA-Mi-Otthonunk-Neme-cover.jpg&amp;h=4000&amp;q=90&amp;f=.jpg\" alt=\"\" width=\"3126\" height=\"4000\" \/><\/a><\/li><li><a href=\"https:\/\/www.margeza.com\/wp-content\/uploads\/JPG-CAPA-SEM-LOMBADA-SEM-MARCAS-72-DPIs.jpg\"><img loading=\"lazy\" decoding=\"async\" src=\"https:\/\/www.margeza.com\/wp-content\/plugins\/justified-image-grid\/timthumb.php?src=https%3A%2F%2Fwww.margeza.com%2Fwp-content%2Fuploads%2FJPG-CAPA-SEM-LOMBADA-SEM-MARCAS-72-DPIs.jpg&amp;h=4000&amp;q=90&amp;f=.jpg\" alt=\"\" width=\"3173\" height=\"4000\" \/><\/a><\/li><li><a href=\"https:\/\/www.margeza.com\/wp-content\/uploads\/touch-decor-neme-apartment-budapest-0001.jpg\"><img loading=\"lazy\" decoding=\"async\" src=\"https:\/\/www.margeza.com\/wp-content\/plugins\/justified-image-grid\/timthumb.php?src=https%3A%2F%2Fwww.margeza.com%2Fwp-content%2Fuploads%2Ftouch-decor-neme-apartment-budapest-0001.jpg&amp;h=4000&amp;q=90&amp;f=.jpg\" alt=\"\" width=\"3043\" height=\"4000\" \/><\/a><\/li><li><a href=\"https:\/\/www.margeza.com\/wp-content\/uploads\/touch-decor-neme-apartment-budapest-0002.jpg\"><img loading=\"lazy\" decoding=\"async\" src=\"https:\/\/www.margeza.com\/wp-content\/plugins\/justified-image-grid\/timthumb.php?src=https%3A%2F%2Fwww.margeza.com%2Fwp-content%2Fuploads%2Ftouch-decor-neme-apartment-budapest-0002.jpg&amp;h=4000&amp;q=90&amp;f=.jpg\" alt=\"\" width=\"2886\" height=\"4000\" \/><\/a><\/li><li><a href=\"https:\/\/www.margeza.com\/wp-content\/uploads\/A-Mi-Otthonunk-baross-1.jpg\"><img loading=\"lazy\" decoding=\"async\" src=\"https:\/\/www.margeza.com\/wp-content\/plugins\/justified-image-grid\/timthumb.php?src=https%3A%2F%2Fwww.margeza.com%2Fwp-content%2Fuploads%2FA-Mi-Otthonunk-baross-1.jpg&amp;h=4000&amp;q=90&amp;f=.jpg\" alt=\"\" width=\"6563\" height=\"4000\" \/><\/a><\/li><li><a href=\"https:\/\/www.margeza.com\/wp-content\/uploads\/A-Mi-Otthonunk-baross-2.jpg\"><img loading=\"lazy\" decoding=\"async\" src=\"https:\/\/www.margeza.com\/wp-content\/plugins\/justified-image-grid\/timthumb.php?src=https%3A%2F%2Fwww.margeza.com%2Fwp-content%2Fuploads%2FA-Mi-Otthonunk-baross-2.jpg&amp;h=4000&amp;q=90&amp;f=.jpg\" alt=\"\" width=\"6575\" height=\"4000\" \/><\/a><\/li><li><a href=\"https:\/\/www.margeza.com\/wp-content\/uploads\/A-Mi-Otthonunk-baross-3.jpg\"><img loading=\"lazy\" decoding=\"async\" src=\"https:\/\/www.margeza.com\/wp-content\/plugins\/justified-image-grid\/timthumb.php?src=https%3A%2F%2Fwww.margeza.com%2Fwp-content%2Fuploads%2FA-Mi-Otthonunk-baross-3.jpg&amp;h=4000&amp;q=90&amp;f=.jpg\" alt=\"\" width=\"3278\" height=\"4000\" \/><\/a><\/li><li><a href=\"https:\/\/www.margeza.com\/wp-content\/uploads\/A-Mi-Otthonunk-Neme-1.jpg\"><img loading=\"lazy\" decoding=\"async\" src=\"https:\/\/www.margeza.com\/wp-content\/plugins\/justified-image-grid\/timthumb.php?src=https%3A%2F%2Fwww.margeza.com%2Fwp-content%2Fuploads%2FA-Mi-Otthonunk-Neme-1.jpg&amp;h=4000&amp;q=90&amp;f=.jpg\" alt=\"\" width=\"6617\" height=\"4000\" \/><\/a><\/li><li><a href=\"https:\/\/www.margeza.com\/wp-content\/uploads\/A-Mi-Otthonunk-Neme-2.jpg\"><img loading=\"lazy\" decoding=\"async\" src=\"https:\/\/www.margeza.com\/wp-content\/plugins\/justified-image-grid\/timthumb.php?src=https%3A%2F%2Fwww.margeza.com%2Fwp-content%2Fuploads%2FA-Mi-Otthonunk-Neme-2.jpg&amp;h=4000&amp;q=90&amp;f=.jpg\" alt=\"\" width=\"6605\" height=\"4000\" \/><\/a><\/li><li><a href=\"https:\/\/www.margeza.com\/wp-content\/uploads\/A-Mi-Otthonunk-Neme-3.jpg\"><img loading=\"lazy\" decoding=\"async\" src=\"https:\/\/www.margeza.com\/wp-content\/plugins\/justified-image-grid\/timthumb.php?src=https%3A%2F%2Fwww.margeza.com%2Fwp-content%2Fuploads%2FA-Mi-Otthonunk-Neme-3.jpg&amp;h=4000&amp;q=90&amp;f=.jpg\" alt=\"\" width=\"6599\" height=\"4000\" \/><\/a><\/li><li><a href=\"https:\/\/www.margeza.com\/wp-content\/uploads\/A-Mi-Otthonunk-Neme-4.jpg\"><img loading=\"lazy\" decoding=\"async\" src=\"https:\/\/www.margeza.com\/wp-content\/plugins\/justified-image-grid\/timthumb.php?src=https%3A%2F%2Fwww.margeza.com%2Fwp-content%2Fuploads%2FA-Mi-Otthonunk-Neme-4.jpg&amp;h=4000&amp;q=90&amp;f=.jpg\" alt=\"\" width=\"6569\" height=\"4000\" \/><\/a><\/li><li><a href=\"https:\/\/www.margeza.com\/wp-content\/uploads\/Neme-Decor-image-0001.jpg\"><img loading=\"lazy\" decoding=\"async\" src=\"https:\/\/www.margeza.com\/wp-content\/plugins\/justified-image-grid\/timthumb.php?src=https%3A%2F%2Fwww.margeza.com%2Fwp-content%2Fuploads%2FNeme-Decor-image-0001.jpg&amp;h=4000&amp;q=90&amp;f=.jpg\" alt=\"\" width=\"3034\" height=\"4000\" \/><\/a><\/li><li><a href=\"https:\/\/www.margeza.com\/wp-content\/uploads\/Neme-Decor-image-0002.jpg\"><img loading=\"lazy\" decoding=\"async\" src=\"https:\/\/www.margeza.com\/wp-content\/plugins\/justified-image-grid\/timthumb.php?src=https%3A%2F%2Fwww.margeza.com%2Fwp-content%2Fuploads%2FNeme-Decor-image-0002.jpg&amp;h=4000&amp;q=90&amp;f=.jpg\" alt=\"\" width=\"3034\" height=\"4000\" \/><\/a><\/li><li><a href=\"https:\/\/www.margeza.com\/wp-content\/uploads\/Neme-Decor-image-0003.jpg\"><img loading=\"lazy\" decoding=\"async\" src=\"https:\/\/www.margeza.com\/wp-content\/plugins\/justified-image-grid\/timthumb.php?src=https%3A%2F%2Fwww.margeza.com%2Fwp-content%2Fuploads%2FNeme-Decor-image-0003.jpg&amp;h=4000&amp;q=90&amp;f=.jpg\" alt=\"\" width=\"3034\" height=\"4000\" \/><\/a><\/li><li><a href=\"https:\/\/www.margeza.com\/wp-content\/uploads\/Neme-Decor-image-0004.jpg\"><img loading=\"lazy\" decoding=\"async\" src=\"https:\/\/www.margeza.com\/wp-content\/plugins\/justified-image-grid\/timthumb.php?src=https%3A%2F%2Fwww.margeza.com%2Fwp-content%2Fuploads%2FNeme-Decor-image-0004.jpg&amp;h=4000&amp;q=90&amp;f=.jpg\" alt=\"\" width=\"3034\" height=\"4000\" \/><\/a><\/li><li><a href=\"https:\/\/www.margeza.com\/wp-content\/uploads\/Neme-Decor-image-0005.jpg\"><img loading=\"lazy\" decoding=\"async\" src=\"https:\/\/www.margeza.com\/wp-content\/plugins\/justified-image-grid\/timthumb.php?src=https%3A%2F%2Fwww.margeza.com%2Fwp-content%2Fuploads%2FNeme-Decor-image-0005.jpg&amp;h=4000&amp;q=90&amp;f=.jpg\" alt=\"\" width=\"3034\" height=\"4000\" \/><\/a><\/li><li><a href=\"https:\/\/www.margeza.com\/wp-content\/uploads\/Neme-Decor-image-0006.jpg\"><img loading=\"lazy\" decoding=\"async\" src=\"https:\/\/www.margeza.com\/wp-content\/plugins\/justified-image-grid\/timthumb.php?src=https%3A%2F%2Fwww.margeza.com%2Fwp-content%2Fuploads%2FNeme-Decor-image-0006.jpg&amp;h=4000&amp;q=90&amp;f=.jpg\" alt=\"\" width=\"3034\" height=\"4000\" \/><\/a><\/li><li><a href=\"https:\/\/www.margeza.com\/wp-content\/uploads\/touch-decor-neme-apartment-budapest-0004.jpg\"><img loading=\"lazy\" decoding=\"async\" src=\"https:\/\/www.margeza.com\/wp-content\/plugins\/justified-image-grid\/timthumb.php?src=https%3A%2F%2Fwww.margeza.com%2Fwp-content%2Fuploads%2Ftouch-decor-neme-apartment-budapest-0004.jpg&amp;h=4000&amp;q=90&amp;f=.jpg\" alt=\"\" width=\"2862\" height=\"4000\" \/><\/a><\/li><li><a href=\"https:\/\/www.margeza.com\/wp-content\/uploads\/touch-decor-neme-apartment-budapest-0005.jpg\"><img loading=\"lazy\" decoding=\"async\" src=\"https:\/\/www.margeza.com\/wp-content\/plugins\/justified-image-grid\/timthumb.php?src=https%3A%2F%2Fwww.margeza.com%2Fwp-content%2Fuploads%2Ftouch-decor-neme-apartment-budapest-0005.jpg&amp;h=4000&amp;q=90&amp;f=.jpg\" alt=\"\" width=\"2836\" height=\"4000\" \/><\/a><\/li><li><a href=\"https:\/\/www.margeza.com\/wp-content\/uploads\/touch-decor-neme-apartment-budapest-0003.jpg\"><img loading=\"lazy\" decoding=\"async\" src=\"https:\/\/www.margeza.com\/wp-content\/plugins\/justified-image-grid\/timthumb.php?src=https%3A%2F%2Fwww.margeza.com%2Fwp-content%2Fuploads%2Ftouch-decor-neme-apartment-budapest-0003.jpg&amp;h=4000&amp;q=90&amp;f=.jpg\" alt=\"\" width=\"2802\" height=\"4000\" \/><\/a><\/li><\/ul><\/noscript><\/div><script type=\"text\/javascript\">\r\n(function initJIG ($,ready) {if(typeof $.justifiedImageGrid !== \"undefined\"){if(typeof $.JIGminVersion !== 'undefined' && $.JIGminVersion('1.7') == false){$.JIGminVersion('1.7',true);return;}else{window['jigAddLightbox1'] = function(){$('#jig1 a.jig-link').JIGphotoSwipe({lightboxSlug: 'jig',captionAlign: \"slim\", history:false,loop: true,bgOpacity: 1,spacing:0.12,closeOnScroll: true,fullscreenEl: true,zoomEl: true,shareEl: true,counterEl: true,indexIndicatorSep: ' \/ '});};$('#jig1').justifiedImageGrid({\"timthumb\":\"https:\\\/\\\/www.margeza.com\\\/wp-content\\\/plugins\\\/justified-image-grid\\\/timthumb.php\",\"items\":[{\"url\":\"https%3A%2F%2Fwww.margeza.com%2Fwp-content%2Fuploads%2FMarie-Claire-2017-Margeza.jpg\",\"width\":6258,\"title\":\"Marie Claire magazine (2017)\",\"description\":\"Marie Claire magazine (2017)\",\"extra_class\":\"jig-contentID-ML-15447\",\"wh\":\"2006x1282\"},{\"url\":\"https%3A%2F%2Fwww.margeza.com%2Fwp-content%2Fuploads%2FMargeza-Marie-Claire-2017.jpg\",\"width\":6162,\"title\":\"Marie Claire magazine (2017)\",\"description\":\"Marie Claire magazine (2017)\",\"extra_class\":\"jig-contentID-ML-15449\",\"wh\":\"2200x1428\"},{\"url\":\"https%3A%2F%2Fwww.margeza.com%2Fwp-content%2Fuploads%2FMargeza-Marie-Claire-2017-page-3.jpg\",\"width\":3071,\"title\":\"Marie Claire magazine (2017)\",\"description\":\"Marie Claire magazine (2017)\",\"extra_class\":\"jig-contentID-ML-15451\",\"wh\":\"992x1292\"},{\"url\":\"https%3A%2F%2Fwww.margeza.com%2Fwp-content%2Fuploads%2FA-Mi-Otthonunk-Neme-cover.jpg\",\"width\":3126,\"extra_class\":\"jig-contentID-ML-15285\",\"wh\":\"605x774\"},{\"url\":\"https%3A%2F%2Fwww.margeza.com%2Fwp-content%2Fuploads%2FJPG-CAPA-SEM-LOMBADA-SEM-MARCAS-72-DPIs.jpg\",\"width\":3173,\"extra_class\":\"jig-contentID-ML-15327\",\"wh\":\"653x823\"},{\"url\":\"https%3A%2F%2Fwww.margeza.com%2Fwp-content%2Fuploads%2Ftouch-decor-neme-apartment-budapest-0001.jpg\",\"width\":3043,\"extra_class\":\"jig-contentID-ML-15293\",\"wh\":\"1800x2366\"},{\"url\":\"https%3A%2F%2Fwww.margeza.com%2Fwp-content%2Fuploads%2Ftouch-decor-neme-apartment-budapest-0002.jpg\",\"width\":2886,\"extra_class\":\"jig-contentID-ML-15294\",\"wh\":\"1800x2494\"},{\"url\":\"https%3A%2F%2Fwww.margeza.com%2Fwp-content%2Fuploads%2FA-Mi-Otthonunk-baross-1.jpg\",\"width\":6563,\"extra_class\":\"jig-contentID-ML-15278\",\"wh\":\"1800x1097\"},{\"url\":\"https%3A%2F%2Fwww.margeza.com%2Fwp-content%2Fuploads%2FA-Mi-Otthonunk-baross-2.jpg\",\"width\":6575,\"extra_class\":\"jig-contentID-ML-15279\",\"wh\":\"1800x1095\"},{\"url\":\"https%3A%2F%2Fwww.margeza.com%2Fwp-content%2Fuploads%2FA-Mi-Otthonunk-baross-3.jpg\",\"width\":3278,\"extra_class\":\"jig-contentID-ML-15280\",\"wh\":\"1318x1608\"},{\"url\":\"https%3A%2F%2Fwww.margeza.com%2Fwp-content%2Fuploads%2FA-Mi-Otthonunk-Neme-1.jpg\",\"width\":6617,\"extra_class\":\"jig-contentID-ML-15281\",\"wh\":\"1800x1088\"},{\"url\":\"https%3A%2F%2Fwww.margeza.com%2Fwp-content%2Fuploads%2FA-Mi-Otthonunk-Neme-2.jpg\",\"width\":6605,\"extra_class\":\"jig-contentID-ML-15282\",\"wh\":\"1800x1090\"},{\"url\":\"https%3A%2F%2Fwww.margeza.com%2Fwp-content%2Fuploads%2FA-Mi-Otthonunk-Neme-3.jpg\",\"width\":6599,\"extra_class\":\"jig-contentID-ML-15283\",\"wh\":\"1800x1091\"},{\"url\":\"https%3A%2F%2Fwww.margeza.com%2Fwp-content%2Fuploads%2FA-Mi-Otthonunk-Neme-4.jpg\",\"width\":6569,\"extra_class\":\"jig-contentID-ML-15284\",\"wh\":\"1800x1096\"},{\"url\":\"https%3A%2F%2Fwww.margeza.com%2Fwp-content%2Fuploads%2FNeme-Decor-image-0001.jpg\",\"width\":3034,\"extra_class\":\"jig-contentID-ML-15286\",\"wh\":\"1800x2373\"},{\"url\":\"https%3A%2F%2Fwww.margeza.com%2Fwp-content%2Fuploads%2FNeme-Decor-image-0002.jpg\",\"width\":3034,\"extra_class\":\"jig-contentID-ML-15287\",\"wh\":\"1800x2373\"},{\"url\":\"https%3A%2F%2Fwww.margeza.com%2Fwp-content%2Fuploads%2FNeme-Decor-image-0003.jpg\",\"width\":3034,\"extra_class\":\"jig-contentID-ML-15288\",\"wh\":\"1800x2373\"},{\"url\":\"https%3A%2F%2Fwww.margeza.com%2Fwp-content%2Fuploads%2FNeme-Decor-image-0004.jpg\",\"width\":3034,\"extra_class\":\"jig-contentID-ML-15289\",\"wh\":\"1800x2373\"},{\"url\":\"https%3A%2F%2Fwww.margeza.com%2Fwp-content%2Fuploads%2FNeme-Decor-image-0005.jpg\",\"width\":3034,\"extra_class\":\"jig-contentID-ML-15290\",\"wh\":\"1800x2373\"},{\"url\":\"https%3A%2F%2Fwww.margeza.com%2Fwp-content%2Fuploads%2FNeme-Decor-image-0006.jpg\",\"width\":3034,\"extra_class\":\"jig-contentID-ML-15291\",\"wh\":\"1800x2373\"},{\"url\":\"https%3A%2F%2Fwww.margeza.com%2Fwp-content%2Fuploads%2Ftouch-decor-neme-apartment-budapest-0004.jpg\",\"width\":2862,\"extra_class\":\"jig-contentID-ML-15296\",\"wh\":\"1800x2515\"},{\"url\":\"https%3A%2F%2Fwww.margeza.com%2Fwp-content%2Fuploads%2Ftouch-decor-neme-apartment-budapest-0005.jpg\",\"width\":2836,\"extra_class\":\"jig-contentID-ML-15297\",\"wh\":\"1800x2538\"},{\"url\":\"https%3A%2F%2Fwww.margeza.com%2Fwp-content%2Fuploads%2Ftouch-decor-neme-apartment-budapest-0003.jpg\",\"width\":2802,\"extra_class\":\"jig-contentID-ML-15295\",\"wh\":\"1800x2569\"}],\"targetHeight\":4000,\"heightDeviation\":0,\"disableCropping\":\"yes\",\"margins\":15,\"caption\":\"below\",\"captionField\":\"off\",\"lightbox\":\"photoswipe\",\"overlayIcon\":\"on\",\"limit\":8,\"loadMore\":\"scroll\",\"loadMoreOffset\":\"100\",\"innerBorderWidth\":0});}}else if(typeof $.justifiedImageGrid === \"undefined\" && ready == true){if(typeof loadJustifiedImageGrid !== \"undefined\"){loadJustifiedImageGrid($);initJIG($,true);return;}\n$(\".justified-image-grid\").html('<span style=\"color:red;font-weight:bold\">The Justified Image Grid JS is not loaded. Try disabling Conditional script loading in the General settings.<\/span>');}else{$(document).ready(function(){initJIG($,true);});}})(jQuery,false);jQuery('.pswp').appendTo('body');\r\n<\/script>\r\n<style type='text\/css'>\r\n.justified-image-grid {max-width: none !important;padding:0;clear:both;line-height: normal;display: block !important;}.jig-hiddenGallery{display:none !important;}.justified-image-grid .jig-imageContainer img,.justified-image-grid .jig-pixastic {position:absolute;bottom:0;left:0;margin: 0;padding: 0;border-style: none !important;vertical-align: baseline;max-width: none !important;max-height: none !important;min-height: 0 !important;min-width: 0 !important;box-shadow: none !important;z-index: auto !important;visibility: visible !important;margin-bottom: 0 !important;}.justified-image-grid .jig-imageContainer a {margin: 0 !important;padding: 0 !important;position: static !important;display: inline;}.jig-overflow {opacity:0;transition: opacity 0.3s;}.justified-image-grid div {position: static;}.justified-image-grid a:link,.justified-image-grid a:hover,.justified-image-grid a:visited {text-decoration:none;}.justified-image-grid .jig-removeThis {visibility:hidden;}.justified-image-grid .jig-hiddenLink,.justified-image-grid .jig-hiddenImg{display:none !important;}.jig-last:after {clear:both;}.justified-image-grid .tiled-gallery-caption{display: none !important;}.jig-developerLink{line-height: 10px;margin-bottom: 5px;}.jig-developerLink a{font-size: 9px;}.jig-fontCheck{display: block !important;position: absolute !important;left: -99999px !important;top: -99999px !important;visibility: hidden !important;font-size: 100px !important;white-space: nowrap !important;max-width: none !important;width: auto !important;}.justified-image-grid-html li {float:left;position: relative;list-style:none;overflow:hidden;}.justified-image-grid-html .jig-HTMLdescription{position: absolute;bottom: 0;left: 0;right: 0;background-color: rgba(0,0,0,0.5);color: white;margin: 0;padding: 5px;}.justified-image-grid > p, .justified-image-grid > li {display: none;}noscript.justified-image-grid-html p{display:block;}noscript.justified-image-grid-html li {display: list-item;}.justified-image-grid-html li.jig-clearfix:before,.jig-clearfix:after,.justified-image-grid-html:before,.justified-image-grid-html:after {content: \"\";display: table;}.jig-clearfix:after,.justified-image-grid-html:after {clear: both;}.jig-clearfix,.justified-image-grid-html {-webkit-backface-visibility: visible;transform: none;zoom: 1; \/* For IE 6\/7 (trigger hasLayout) *\/}#jig1 {margin:0;min-height:0px;}#jig1 .jig-imageContainer {margin-bottom: 15px;margin-right: 15px;float: left;padding: 0;width: auto;}#jig1 .jig-imageContainer img {max-width: none !important;background-color: white !important;}#jig1 .jig-imageContainer .jig-caption-wrapper img{position: static;background: transparent !important;}#jig1 .jig-overflow {position: relative; overflow:hidden;vertical-align:baseline;}#jig1 .jig-caption-wrapper {max-height:100%;max-width:100%;min-width:100%;bottom: 0;right: 0;left: 0;height:54px;background: transparent;margin:0 auto;padding:0;z-index:100;overflow:hidden;opacity: 1;-moz-opacity: 1;filter:alpha(opacity=100);}#jig1 .jig-cw-role-effect {z-index: 0;}#jig1 .jig-caption {text-align: center !important;padding:0 7px;margin: 0;}#jig1 .jig-caption-title {overflow: hidden;line-height: normal;box-sizing: border-box !important;color:inherit !important;font-size: 11px;text-align:left;margin-top: 8px;text-align: center !important;padding:5px 0 5px;}#jig1 .jig-caption-description {overflow: hidden;line-height: normal;color:inherit !important;font-size: 9px;font-weight: normal;text-align:left;text-align: center !important;padding-bottom: 5px;}#jig1 .jig-alone{padding-top:5px !important;margin-top: 0 !important;}#jig1 .jig-overlay {background:#333;opacity: 0.1;-moz-opacity: 0.1;filter:alpha(opacity=10);height:100%;}#jig1 .jig-overlay-wrapper {display:none;position: absolute;bottom: 0;left: 0;right: 0;top: 0;}#jig1 .jig-overlay-icon-wrapper {display:none;position: absolute;bottom: 0;left: 0;right: 0;top: 0;}#jig1 .jig-overlay-icon {background: url(https:\/\/www.margeza.com\/wp-content\/plugins\/justified-image-grid\/images\/magnifier.png) no-repeat center center;opacity: 0.5;-moz-opacity: 0.5;filter:alpha(opacity=50);height:100%;}@media only screen and (-webkit-min-device-pixel-ratio: 1.3), (min-resolution: 1.3dppx), (min-resolution: 124dpi){#jig1 .jig-overlay-icon {background: url(https:&#47;&#x2f;&#x77;&#119;&#x77;&#x2e;&#109;&#x61;&#x72;&#103;&#x65;&#x7a;&#97;&#x2e;&#x63;&#111;&#x6d;&#x2f;&#119;&#x70;&#x2d;&#99;&#x6f;&#x6e;&#116;&#x65;&#x6e;t&#x2f;&#x70;l&#x75;&#x67;i&#110;&#x73;\/&#106;&#x75;s&#116;&#x69;f&#105;&#x65;d&#45;&#x69;m&#97;&#x67;e&#45;&#x67;r&#105;&#x64;\/&#105;&#x6d;a&#103;&#x65;s&#47;&#x6d;a&#103;&#x6e;i&#102;&#x69;e&#114;&#x40;2&#120;&#x2e;p&#110;&#x67;) no-repeat center center;-webkit-background-size:56px 56px;-moz-background-size:56px 56px;-o-background-size:56px 56px; background-size:56px 56px;}}#jig1 .jig-loadMoreButton{border: 1px solid #d3d3d3;padding: 10px;text-align: center;margin: 5px auto 15px;max-width: 175px;cursor: pointer;-webkit-border-radius: 2px;-moz-border-radius: 2px;border-radius: 2px;box-shadow: 0 0 7px rgba(0,0,0,0.08);background: #fcfcfc;background: -moz-linear-gradient(top,#fcfcfc 0%, #f8f8f8 100%);background: -webkit-gradient(linear, left top, left bottom, color-stop(0%,#fcfcfc), color-stop(100%,#f8f8f8));background: -webkit-linear-gradient(top,#fcfcfc 0%,#f8f8f8 100%);background: -o-linear-gradient(top,#fcfcfc 0%,#f8f8f8 100%);background: -ms-linear-gradient(top,#fcfcfc 0%,#f8f8f8 100%);background: linear-gradient(to bottom,#fcfcfc 0%,#f8f8f8 100%);filter: progid:DXImageTransform.Microsoft.gradient( startColorstr='#fcfcfc', endColorstr='#f8f8f8',GradientType=0 );}#jig1.jig-no-touch .jig-loadMoreButton:hover,#jig1.jig-touch .jig-loadMoreButton:active{border: 1px solid #c6c6c6;background: #f8f8f8;background: -moz-linear-gradient(top,#f8f8f8 0%, #eeeeee 100%);background: -webkit-gradient(linear, left top, left bottom, color-stop(0%,#f8f8f8), color-stop(100%,#eeeeee));background: -webkit-linear-gradient(top,#f8f8f8 0%,#eeeeee 100%);background: -o-linear-gradient(top,#f8f8f8 0%,#eeeeee 100%);background: -ms-linear-gradient(top,#f8f8f8 0%,#eeeeee 100%);background: linear-gradient(to bottom,#f8f8f8 0%,#eeeeee 100%);filter: progid:DXImageTransform.Microsoft.gradient( startColorstr='#f8f8f8', endColorstr='#eeeeee',GradientType=0 );}#jig1 .jig-clearfix:after { clear: both; }.jig-last {margin-right: 0 !important;}.jig-ua-old-ie.justified-image-grid .jig-overlay,.jig-ua-old-ie.justified-image-grid .jig-overlay-icon-wrapper,.jig-ua-old-ie.justified-image-grid .jig-overlay-icon{position:absolute;top:0;right:0;bottom:0;left:0;}.jig-ua-old-ie.justified-image-grid .jig-overflow,.jig-ua-old-ie.justified-image-grid .jig-overflow div {cursor: pointer;}.jig-ua-old-ie.jig-caption-wrapper{margin:0 !important;}.jig-ua-ie .jig-caption-wrapper-clone {filter: alpha(opacity=0) !important;}.pswp__button.pswp__button--share {background-image: url(https:\/\/www.si-la-gi.com\/wp-content\/uploads\/fbshare2x2.png) !Important;width: 163px !Important;background-size: 163px 19px !Important;background-position: 0 !Important;}\r\n<\/style>\n<p>[\/vc_column_text][\/vc_column][\/vc_row]<\/p>\n","protected":false},"excerpt":{"rendered":"<p>[vc_row css_animation=&#8221;&#8221; row_type=&#8221;row&#8221; use_row_as_full_screen_section=&#8221;no&#8221; type=&#8221;full_width&#8221; angled_section=&#8221;no&#8221; text_align=&#8221;left&#8221; background_image_as_pattern=&#8221;without_pattern&#8221;][vc_column][vc_empty_space][\/vc_column][\/vc_row][vc_row css_animation=&#8221;&#8221; row_type=&#8221;row&#8221; use_row_as_full_screen_section=&#8221;no&#8221; type=&#8221;full_width&#8221; angled_section=&#8221;no&#8221; text_align=&#8221;left&#8221; background_image_as_pattern=&#8221;without_pattern&#8221; css=&#8221;.vc_custom_1443202684224{padding-top: 40px !important;}&#8221;][vc_column][vc_empty_space][vc_column_text] [\/vc_column_text][\/vc_column][\/vc_row]<\/p>\n","protected":false},"author":1,"featured_media":0,"parent":0,"menu_order":0,"comment_status":"closed","ping_status":"closed","template":"","meta":{"footnotes":""},"class_list":["post-15268","page","type-page","status-publish","hentry"],"_links":{"self":[{"href":"https:\/\/www.margeza.com\/hu\/wp-json\/wp\/v2\/pages\/15268","targetHints":{"allow":["GET"]}}],"collection":[{"href":"https:\/\/www.margeza.com\/hu\/wp-json\/wp\/v2\/pages"}],"about":[{"href":"https:\/\/www.margeza.com\/hu\/wp-json\/wp\/v2\/types\/page"}],"author":[{"embeddable":true,"href":"https:\/\/www.margeza.com\/hu\/wp-json\/wp\/v2\/users\/1"}],"replies":[{"embeddable":true,"href":"https:\/\/www.margeza.com\/hu\/wp-json\/wp\/v2\/comments?post=15268"}],"version-history":[{"count":19,"href":"https:\/\/www.margeza.com\/hu\/wp-json\/wp\/v2\/pages\/15268\/revisions"}],"predecessor-version":[{"id":15452,"href":"https:\/\/www.margeza.com\/hu\/wp-json\/wp\/v2\/pages\/15268\/revisions\/15452"}],"wp:attachment":[{"href":"https:\/\/www.margeza.com\/hu\/wp-json\/wp\/v2\/media?parent=15268"}],"curies":[{"name":"wp","href":"https:\/\/api.w.org\/{rel}","templated":true}]}}