{"id":14468,"date":"2015-04-06T09:11:36","date_gmt":"2015-04-06T09:11:36","guid":{"rendered":"http:\/\/demo.qodeinteractive.com\/bridge\/?page_id=14468"},"modified":"2016-06-19T11:54:20","modified_gmt":"2016-06-19T11:54:20","slug":"home","status":"publish","type":"page","link":"https:\/\/www.margeza.com\/hu\/","title":{"rendered":"R\u00f3lunk"},"content":{"rendered":"<p>[vc_row row_type=&#8221;row&#8221; type=&#8221;grid&#8221; text_align=&#8221;left&#8221; padding_top=&#8221;77&#8243; background_color=&#8221;#ffffff&#8221; padding_bottom=&#8221;48&#8243; use_row_as_full_screen_section=&#8221;no&#8221; anchor=&#8221;aboutus&#8221; background_image_as_pattern=&#8221;without_pattern&#8221;][vc_column width=&#8221;1\/1&#8243;][vc_column_text]<\/p>\n<h2 style=\"text-align: center;\">ROLUNK<\/h2>\n<p>[\/vc_column_text][vc_separator type=&#8221;transparent&#8221; position=&#8221;center&#8221; up=&#8221;41&#8243; down=&#8221;0&#8243;][vc_column_text]<\/p>\n<p style=\"text-align: justify;\">A belga-luxembourgi hat\u00e1ron \u00e9l\u0151 h\u00e1zasp\u00e1r vagyunk.\u00a0 Magyar sz\u00e1rmaz\u00e1s\u00fa belga \u00e1llampolg\u00e1rok, ketten egy\u00fctt 117 \u00e9vesek, vagyis r\u00e9gebb \u00f3ta fiatalok. Mindketten sok id\u0151t t\u00f6lt\u00f6tt\u00fcnk a kort\u00e1rs m\u0171v\u00e9szetek megismer\u00e9s\u00e9vel. K\u00fcl\u00f6n\u00f6s szeretettel fordultunk a design fel\u00e9, s \u00f6r\u00f6m\u00fcnket lelj\u00fck egy-egy olyan t\u00e1rgyban, amiben \u00ab\u00a0gondolat\u00a0\u00bb van.\u00a0 Lak\u00e1saink kialak\u00edt\u00e1sa, megval\u00f3s\u00edt\u00e1sa \u00f6r\u00f6mteli alkot\u00f3 folyamat sz\u00e1munkra. Mindig magunknak hozunk l\u00e9tre \u00e9letteret, \u00e9lhet\u0151 teret, amit egy r\u00f6vid ideig sz\u00edvesen haszn\u00e1lunk, hogy azt\u00e1n k\u00edv\u00e1ncsis\u00e1ggal, kalandv\u00e1ggyal telten egy \u00fajat alkossunk. Sokan k\u00e9rdezik: nem neh\u00e9z-e \u00e1tadni m\u00e1snak az otthonunkat, benne a gondosan v\u00e1logatott, gyakran ide tervezett \u00e9s k\u00e9sz\u00edttetett\u00a0 kedves t\u00e1rgyainkkal? Csak az\u00e9rt nem neh\u00e9z, mert tudjuk: valaki \u00f6r\u00f6m\u00e9t leli majd benne.<\/p>\n<p style=\"text-align: justify;\">Val\u00f3di elismer\u00e9s sz\u00e1munkra, hogy lak\u00e1sfot\u00f3ink \u00f6n\u00e1ll\u00f3 \u00e9letet \u00e9lnek az Interneten. Elk\u00e9peszt\u0151en sok lakberendez\u00e9si oldal \u00e9s\u00a0 blog vette \u00e1t \u0151ket, s rengeteg d\u00edcs\u00e9retet kaptunk. Csak egyet id\u00e9zn\u00e9nk, amit\u00a0 egy ismeretlen \u00edrt: \u00ab\u00a0Ez a bels\u0151 b\u00e9ke megval\u00f3sul\u00e1sa dekorban.\u00a0\u00bb<\/p>\n<p>[\/vc_column_text][\/vc_column][\/vc_row]<\/p>\n","protected":false},"excerpt":{"rendered":"<p>[vc_row row_type=&#8221;row&#8221; type=&#8221;grid&#8221; text_align=&#8221;left&#8221; padding_top=&#8221;77&#8243; background_color=&#8221;#ffffff&#8221; padding_bottom=&#8221;48&#8243; use_row_as_full_screen_section=&#8221;no&#8221; anchor=&#8221;aboutus&#8221; background_image_as_pattern=&#8221;without_pattern&#8221;][vc_column width=&#8221;1\/1&#8243;][vc_column_text] ROLUNK [\/vc_column_text][vc_separator type=&#8221;transparent&#8221; position=&#8221;center&#8221; up=&#8221;41&#8243; down=&#8221;0&#8243;][vc_column_text] A belga-luxembourgi hat\u00e1ron \u00e9l\u0151 h\u00e1zasp\u00e1r vagyunk.\u00a0 Magyar sz\u00e1rmaz\u00e1s\u00fa belga \u00e1llampolg\u00e1rok, ketten egy\u00fctt 117 \u00e9vesek, vagyis r\u00e9gebb \u00f3ta fiatalok. Mindketten sok id\u0151t t\u00f6lt\u00f6tt\u00fcnk a kort\u00e1rs m\u0171v\u00e9szetek megismer\u00e9s\u00e9vel. K\u00fcl\u00f6n\u00f6s szeretettel&#8230;<\/p>\n","protected":false},"author":1,"featured_media":0,"parent":0,"menu_order":0,"comment_status":"open","ping_status":"open","template":"full_width.php","meta":{"footnotes":""},"class_list":["post-14468","page","type-page","status-publish","hentry"],"_links":{"self":[{"href":"https:\/\/www.margeza.com\/hu\/wp-json\/wp\/v2\/pages\/14468","targetHints":{"allow":["GET"]}}],"collection":[{"href":"https:\/\/www.margeza.com\/hu\/wp-json\/wp\/v2\/pages"}],"about":[{"href":"https:\/\/www.margeza.com\/hu\/wp-json\/wp\/v2\/types\/page"}],"author":[{"embeddable":true,"href":"https:\/\/www.margeza.com\/hu\/wp-json\/wp\/v2\/users\/1"}],"replies":[{"embeddable":true,"href":"https:\/\/www.margeza.com\/hu\/wp-json\/wp\/v2\/comments?post=14468"}],"version-history":[{"count":64,"href":"https:\/\/www.margeza.com\/hu\/wp-json\/wp\/v2\/pages\/14468\/revisions"}],"predecessor-version":[{"id":15351,"href":"https:\/\/www.margeza.com\/hu\/wp-json\/wp\/v2\/pages\/14468\/revisions\/15351"}],"wp:attachment":[{"href":"https:\/\/www.margeza.com\/hu\/wp-json\/wp\/v2\/media?parent=14468"}],"curies":[{"name":"wp","href":"https:\/\/api.w.org\/{rel}","templated":true}]}}